{"id":29669,"date":"2026-03-16T22:06:14","date_gmt":"2026-03-16T22:06:14","guid":{"rendered":"https:\/\/chemindefemme64.com\/?page_id=29669"},"modified":"2026-03-17T13:05:12","modified_gmt":"2026-03-17T13:05:12","slug":"danse-delles","status":"publish","type":"page","link":"https:\/\/chemindefemme64.com\/?page_id=29669","title":{"rendered":"DANSE D\u2019ELLES"},"content":{"rendered":"\t\t<div data-elementor-type=\"wp-page\" data-elementor-id=\"29669\" class=\"elementor elementor-29669\" data-elementor-post-type=\"page\">\n\t\t\t\t<div class=\"wd-negative-gap elementor-element elementor-element-6daebbf e-flex e-con-boxed e-con e-parent\" data-id=\"6daebbf\" data-element_type=\"container\">\n\t\t\t\t\t<div class=\"e-con-inner\">\n\t\t<div class=\"elementor-element elementor-element-324baa5 e-con-full e-flex e-con e-child\" data-id=\"324baa5\" data-element_type=\"container\">\n\t\t\t\t<div class=\"elementor-element elementor-element-802d2a4 elementor-widget elementor-widget-image\" data-id=\"802d2a4\" data-element_type=\"widget\" data-widget_type=\"image.default\">\n\t\t\t\t\t\t\t\t\t\t\t\t\t\t\t<img loading=\"lazy\" decoding=\"async\" width=\"150\" height=\"150\" src=\"https:\/\/chemindefemme64.com\/wp-content\/uploads\/2026\/03\/danse-delles-150x150.png\" class=\"attachment-thumbnail size-thumbnail wp-image-29621\" alt=\"\" srcset=\"https:\/\/chemindefemme64.com\/wp-content\/uploads\/2026\/03\/danse-delles-150x150.png 150w, https:\/\/chemindefemme64.com\/wp-content\/uploads\/2026\/03\/danse-delles-300x300.png 300w, https:\/\/chemindefemme64.com\/wp-content\/uploads\/2026\/03\/danse-delles-800x800.png 800w, https:\/\/chemindefemme64.com\/wp-content\/uploads\/2026\/03\/danse-delles-768x768.png 768w, https:\/\/chemindefemme64.com\/wp-content\/uploads\/2026\/03\/danse-delles-1536x1536.png 1536w, https:\/\/chemindefemme64.com\/wp-content\/uploads\/2026\/03\/danse-delles-430x430.png 430w, https:\/\/chemindefemme64.com\/wp-content\/uploads\/2026\/03\/danse-delles-700x700.png 700w, https:\/\/chemindefemme64.com\/wp-content\/uploads\/2026\/03\/danse-delles.png 2000w\" sizes=\"auto, (max-width: 150px) 100vw, 150px\" \/>\t\t\t\t\t\t\t\t\t\t\t\t\t\t\t<\/div>\n\t\t\t\t<\/div>\n\t\t<div class=\"elementor-element elementor-element-40ceb10 e-con-full e-flex e-con e-child\" data-id=\"40ceb10\" data-element_type=\"container\">\n\t\t\t\t<div class=\"elementor-element elementor-element-3524afc elementor-widget elementor-widget-heading\" data-id=\"3524afc\" data-element_type=\"widget\" data-widget_type=\"heading.default\">\n\t\t\t\t\t<h2 class=\"elementor-heading-title elementor-size-default\">DANSE D\u2019ELLES<\/h2>\t\t\t\t<\/div>\n\t\t\t\t<\/div>\n\t\t\t\t\t<\/div>\n\t\t\t\t<\/div>\n\t\t<div class=\"wd-negative-gap elementor-element elementor-element-a5fdf35 e-flex e-con-boxed e-con e-parent\" data-id=\"a5fdf35\" data-element_type=\"container\">\n\t\t\t\t\t<div class=\"e-con-inner\">\n\t\t\t\t<div class=\"elementor-element elementor-element-f98f5d2 elementor-widget elementor-widget-spacer\" data-id=\"f98f5d2\" data-element_type=\"widget\" data-widget_type=\"spacer.default\">\n\t\t\t\t\t\t\t<div class=\"elementor-spacer\">\n\t\t\t<div class=\"elementor-spacer-inner\"><\/div>\n\t\t<\/div>\n\t\t\t\t\t\t<\/div>\n\t\t\t\t\t<\/div>\n\t\t\t\t<\/div>\n\t\t<div class=\"wd-negative-gap elementor-element elementor-element-507d47d e-flex e-con-boxed e-con e-parent\" data-id=\"507d47d\" data-element_type=\"container\">\n\t\t\t\t\t<div class=\"e-con-inner\">\n\t\t\t\t<div class=\"elementor-element elementor-element-d6acbdf elementor-widget elementor-widget-heading\" data-id=\"d6acbdf\" data-element_type=\"widget\" data-widget_type=\"heading.default\">\n\t\t\t\t\t<h1 class=\"elementor-heading-title elementor-size-default\">DANSE PRIMITIVE<\/h1>\t\t\t\t<\/div>\n\t\t\t\t\t<\/div>\n\t\t\t\t<\/div>\n\t\t<div class=\"wd-negative-gap elementor-element elementor-element-e672e44 e-flex e-con-boxed e-con e-parent\" data-id=\"e672e44\" data-element_type=\"container\">\n\t\t\t\t\t<div class=\"e-con-inner\">\n\t\t<div class=\"elementor-element elementor-element-b16b116 e-con-full e-flex e-con e-child\" data-id=\"b16b116\" data-element_type=\"container\">\n\t\t\t\t<div class=\"elementor-element elementor-element-bc20a06 color-scheme-inherit text-left elementor-widget elementor-widget-text-editor\" data-id=\"bc20a06\" data-element_type=\"widget\" data-widget_type=\"text-editor.default\">\n\t\t\t\t\t\t\t\t\t<p><b>Cours Hebdomadaire\u00a0<br \/><\/b><b>Le jeudi de 18h45 \u00e0 19h45 \u00e0 Biarritz Accueil, <br \/>2 Rue Darrichon 64200 BIARRITZ<\/b><\/p><p><span style=\"font-weight: 400;\">Pratique alliant Rythme, Mouvement et Voix.<\/span><\/p><p><span style=\"font-weight: 400;\">Retrouvez la Joie, le l\u00e2cher prise et le jeu rythmique de l\u2019Expression Primitive\u00a0! <br \/>Un cours qui r\u00e9g\u00e9n\u00e8re, qui joue un r\u00f4le d\u2019exutoire mais aussi d\u2019\u00e9changes chaleureux, conviviaux et simples en groupe.\u00a0<\/span><\/p><p><span style=\"font-weight: 400;\">Tarif<\/span><\/p><p><span style=\"font-weight: 400;\">12\u20ac le cours\/ 10\u20ac pour les r\u00e9guliers<\/span><\/p>\t\t\t\t\t\t\t\t<\/div>\n\t\t\t\t<div class=\"elementor-element elementor-element-feaea86 elementor-widget elementor-widget-spacer\" data-id=\"feaea86\" data-element_type=\"widget\" data-widget_type=\"spacer.default\">\n\t\t\t\t\t\t\t<div class=\"elementor-spacer\">\n\t\t\t<div class=\"elementor-spacer-inner\"><\/div>\n\t\t<\/div>\n\t\t\t\t\t\t<\/div>\n\t\t\t\t<div class=\"elementor-element elementor-element-421848f elementor-widget elementor-widget-wd_image_or_svg\" data-id=\"421848f\" data-element_type=\"widget\" data-widget_type=\"wd_image_or_svg.default\">\n\t\t\t\t<div class=\"elementor-widget-container\">\n\t\t\t\t\t\n\t\t<div class=\"wd-image text-left\">\n\t\t\t\t\t\t\t\t<img loading=\"lazy\" decoding=\"async\" width=\"191\" height=\"172\" src=\"https:\/\/chemindefemme64.com\/wp-content\/uploads\/2025\/12\/Image3.png\" class=\"attachment-full size-full\" alt=\"\" srcset=\"https:\/\/chemindefemme64.com\/wp-content\/uploads\/2025\/12\/Image3.png 191w, https:\/\/chemindefemme64.com\/wp-content\/uploads\/2025\/12\/Image3-150x135.png 150w\" sizes=\"auto, (max-width: 191px) 100vw, 191px\" \/>\t\t\t\t\t<\/div>\n\n\t\t\t\t\t\t<\/div>\n\t\t\t\t<\/div>\n\t\t\t\t<\/div>\n\t\t<div class=\"elementor-element elementor-element-c78b07f e-con-full e-flex e-con e-child\" data-id=\"c78b07f\" data-element_type=\"container\">\n\t\t\t\t<div class=\"elementor-element elementor-element-7984175 color-scheme-inherit text-left elementor-widget elementor-widget-text-editor\" data-id=\"7984175\" data-element_type=\"widget\" data-widget_type=\"text-editor.default\">\n\t\t\t\t\t\t\t\t\t<p><b>Bienfaits<\/b><\/p>\n<ul>\n<li style=\"font-weight: 400;\" aria-level=\"1\"><span style=\"font-weight: 400;\">Se sentir vivante, libre, recontacter la force de vie qui nous anime<\/span><\/li>\n<li style=\"font-weight: 400;\" aria-level=\"1\"><span style=\"font-weight: 400;\">Se d\u00e9penser et se d\u00e9tendre dans le plaisir et le jeu<\/span><\/li>\n<li style=\"font-weight: 400;\" aria-level=\"1\"><span style=\"font-weight: 400;\">Se l\u00e2cher<\/span><\/li>\n<li style=\"font-weight: 400;\" aria-level=\"1\"><span style=\"font-weight: 400;\">D\u00e9velopper la coordination motrice et la plasticit\u00e9 c\u00e9r\u00e9brale<\/span><\/li>\n<li style=\"font-weight: 400;\" aria-level=\"1\"><span style=\"font-weight: 400;\">Favoriser la cr\u00e9ativit\u00e9<\/span><\/li>\n<li style=\"font-weight: 400;\" aria-level=\"1\"><span style=\"font-weight: 400;\">Lib\u00e9rer les \u00e9motions<\/span><\/li>\n<li style=\"font-weight: 400;\" aria-level=\"1\"><span style=\"font-weight: 400;\">Am\u00e9liorer la confiance en soi<\/span><\/li>\n<li style=\"font-weight: 400;\" aria-level=\"1\"><span style=\"font-weight: 400;\">Recr\u00e9er du lien, rire, s\u2019amuser<\/span><\/li>\n<\/ul>\n<p><i><span style=\"font-weight: 400;\">Accessible \u00e0 toutes, sans aucun pr\u00e9-requis<\/span><\/i><\/p>\t\t\t\t\t\t\t\t<\/div>\n\t\t\t\t<\/div>\n\t\t\t\t\t<\/div>\n\t\t\t\t<\/div>\n\t\t<div class=\"wd-negative-gap elementor-element elementor-element-800e43f e-flex e-con-boxed e-con e-parent\" data-id=\"800e43f\" data-element_type=\"container\">\n\t\t\t\t\t<div class=\"e-con-inner\">\n\t\t\t\t<div class=\"elementor-element elementor-element-0028d73 elementor-widget elementor-widget-spacer\" data-id=\"0028d73\" data-element_type=\"widget\" data-widget_type=\"spacer.default\">\n\t\t\t\t\t\t\t<div class=\"elementor-spacer\">\n\t\t\t<div class=\"elementor-spacer-inner\"><\/div>\n\t\t<\/div>\n\t\t\t\t\t\t<\/div>\n\t\t\t\t\t<\/div>\n\t\t\t\t<\/div>\n\t\t<div class=\"wd-negative-gap elementor-element elementor-element-83263be e-flex e-con-boxed e-con e-parent\" data-id=\"83263be\" data-element_type=\"container\">\n\t\t\t\t\t<div class=\"e-con-inner\">\n\t\t\t\t<div class=\"elementor-element elementor-element-e1fb9e3 elementor-widget elementor-widget-heading\" data-id=\"e1fb9e3\" data-element_type=\"widget\" data-widget_type=\"heading.default\">\n\t\t\t\t\t<h1 class=\"elementor-heading-title elementor-size-default\">EXPLORATION CORPORELLE DANS\u00c9E* <\/h1>\t\t\t\t<\/div>\n\t\t\t\t\t<\/div>\n\t\t\t\t<\/div>\n\t\t<div class=\"wd-negative-gap elementor-element elementor-element-07b98e9 e-flex e-con-boxed e-con e-parent\" data-id=\"07b98e9\" data-element_type=\"container\">\n\t\t\t\t\t<div class=\"e-con-inner\">\n\t\t<div class=\"elementor-element elementor-element-ea5edd5 e-con-full e-flex e-con e-child\" data-id=\"ea5edd5\" data-element_type=\"container\">\n\t\t\t\t<div class=\"elementor-element elementor-element-27e5a0e color-scheme-inherit text-left elementor-widget elementor-widget-text-editor\" data-id=\"27e5a0e\" data-element_type=\"widget\" data-widget_type=\"text-editor.default\">\n\t\t\t\t\t\t\t\t\t<p><b>Atelier mensuel<\/b><\/p><p><b>*<\/b><b><i>Inspir\u00e9e de la danse primitive, de la danse des 5 rythmes, de la danse libre et intuitive<\/i><\/b><\/p><p><span style=\"font-weight: 400;\">Les dimanches 22 mars, 26 avril, .. mai et 28 juin de 14h \u00e0 16h, <br \/>Salle Utxinananda, 4 Place Koxe Arbiza 64500 CIBOURE<\/span><\/p><p><span style=\"font-weight: 400;\">R\u00e9veillez l\u2019instinct de mouvement qui est en vous et que l\u2019on s\u2019autorise parfois si peu\u2026<\/span><\/p><p><span style=\"font-weight: 400;\">Je vous propose une guidance vers votre intuition corporelle, votre cr\u00e9ativit\u00e9 et votre ressenti\u2026en douceur, en vous donnant de la\u00a0\u00ab\u00a0mati\u00e8re\u00a0\u00bb\u00a0 et des outils de conscience corporelle pour bouger ensuite avec plus d\u2019assurance, d\u2019id\u00e9es et de confiance en votre corps.\u00a0<\/span><\/p><p><span style=\"font-weight: 400;\">Le tout dans un cadre de confiance, s\u00e9curisant et dans le respect de vos limites.<\/span><\/p>\t\t\t\t\t\t\t\t<\/div>\n\t\t\t\t<\/div>\n\t\t<div class=\"elementor-element elementor-element-54257ba e-con-full e-flex e-con e-child\" data-id=\"54257ba\" data-element_type=\"container\">\n\t\t\t\t<div class=\"elementor-element elementor-element-2b6c9fb color-scheme-inherit text-left elementor-widget elementor-widget-text-editor\" data-id=\"2b6c9fb\" data-element_type=\"widget\" data-widget_type=\"text-editor.default\">\n\t\t\t\t\t\t\t\t\t<p><b>Bienfaits\u00a0<\/b><\/p><ul><li style=\"font-weight: 400;\" aria-level=\"1\"><span style=\"font-weight: 400;\">R\u00e9habiter son corps\u00a0<\/span><\/li><li style=\"font-weight: 400;\" aria-level=\"1\"><span style=\"font-weight: 400;\">S\u2019exprimer, s\u2019affirmer, gagner en confiance en soi<\/span><\/li><li style=\"font-weight: 400;\" aria-level=\"1\"><span style=\"font-weight: 400;\">Reconnecter l\u2019\u00e9lan vital, retrouver\u00a0 la joie, le l\u00e2cher prise<\/span><\/li><li style=\"font-weight: 400;\" aria-level=\"1\"><span style=\"font-weight: 400;\">Lib\u00e9rer les tensions<\/span><\/li><li style=\"font-weight: 400;\" aria-level=\"1\"><span style=\"font-weight: 400;\">S\u2019ancrer dans son corps<\/span><\/li><li style=\"font-weight: 400;\" aria-level=\"1\"><span style=\"font-weight: 400;\">Explorer aussi la douceur, le ressenti profond, la sensualit\u00e9\u2026<\/span><\/li><\/ul><p><i><span style=\"font-weight: 400;\">Accessible \u00e0 toutes, sans aucun pr\u00e9-requis<\/span><\/i><\/p>\t\t\t\t\t\t\t\t<\/div>\n\t\t\t\t<\/div>\n\t\t\t\t\t<\/div>\n\t\t\t\t<\/div>\n\t\t<div class=\"wd-negative-gap elementor-element elementor-element-f6d56a8 e-flex e-con-boxed e-con e-parent\" data-id=\"f6d56a8\" data-element_type=\"container\">\n\t\t\t\t\t<div class=\"e-con-inner\">\n\t\t<div class=\"elementor-element elementor-element-023e0d5 e-con-full e-flex e-con e-child\" data-id=\"023e0d5\" data-element_type=\"container\">\n\t\t\t\t<div class=\"elementor-element elementor-element-06ff698 elementor-widget elementor-widget-wd_text_block\" data-id=\"06ff698\" data-element_type=\"widget\" data-widget_type=\"wd_text_block.default\">\n\t\t\t\t<div class=\"elementor-widget-container\">\n\t\t\t\t\t\t\t<div class=\"wd-text-block reset-last-child text-left\">\n\t\t\t\n\t\t\t<p><b>Tarif<\/b><\/p><p><span style=\"font-weight: 400;\">Chaque atelier dure 2h\u00a0: 25\u20ac l\u2019atelier \/Tarif Chemin de Femme*\u00a0: 20\u20ac l\u2019atelier.<\/span><\/p><p><span style=\"font-weight: 400;\">*<\/span><i><span style=\"font-weight: 400;\">pour les femmes d\u00e9j\u00e0 en lien avec Chemin de Femme en soins, cours ou accompagnement.<\/span><\/i><\/p>\n\t\t\t\t\t<\/div>\n\t\t\t\t\t\t<\/div>\n\t\t\t\t<\/div>\n\t\t\t\t<\/div>\n\t\t<div class=\"elementor-element elementor-element-fad3a82 e-con-full e-flex e-con e-child\" data-id=\"fad3a82\" data-element_type=\"container\">\n\t\t\t\t<div class=\"elementor-element elementor-element-68d350d e-transform elementor-widget elementor-widget-wd_image_or_svg\" data-id=\"68d350d\" data-element_type=\"widget\" data-settings=\"{&quot;_transform_flipX_effect&quot;:&quot;transform&quot;}\" data-widget_type=\"wd_image_or_svg.default\">\n\t\t\t\t<div class=\"elementor-widget-container\">\n\t\t\t\t\t\n\t\t<div class=\"wd-image text-left\">\n\t\t\t\t\t\t\t\t<img loading=\"lazy\" decoding=\"async\" width=\"191\" height=\"172\" src=\"https:\/\/chemindefemme64.com\/wp-content\/uploads\/2025\/12\/Image3.png\" class=\"attachment-full size-full\" alt=\"\" srcset=\"https:\/\/chemindefemme64.com\/wp-content\/uploads\/2025\/12\/Image3.png 191w, https:\/\/chemindefemme64.com\/wp-content\/uploads\/2025\/12\/Image3-150x135.png 150w\" sizes=\"auto, (max-width: 191px) 100vw, 191px\" \/>\t\t\t\t\t<\/div>\n\n\t\t\t\t\t\t<\/div>\n\t\t\t\t<\/div>\n\t\t\t\t<\/div>\n\t\t\t\t\t<\/div>\n\t\t\t\t<\/div>\n\t\t<div class=\"wd-negative-gap elementor-element elementor-element-59f5a09 e-flex e-con-boxed e-con e-parent\" data-id=\"59f5a09\" data-element_type=\"container\">\n\t\t\t\t\t<div class=\"e-con-inner\">\n\t\t\t\t\t<\/div>\n\t\t\t\t<\/div>\n\t\t<div class=\"wd-negative-gap elementor-element elementor-element-4746e63 e-flex e-con-boxed e-con e-parent\" data-id=\"4746e63\" data-element_type=\"container\">\n\t\t\t\t\t<div class=\"e-con-inner\">\n\t\t\t\t<div class=\"elementor-element elementor-element-a7566d7 elementor-widget elementor-widget-spacer\" data-id=\"a7566d7\" data-element_type=\"widget\" data-widget_type=\"spacer.default\">\n\t\t\t\t\t\t\t<div class=\"elementor-spacer\">\n\t\t\t<div class=\"elementor-spacer-inner\"><\/div>\n\t\t<\/div>\n\t\t\t\t\t\t<\/div>\n\t\t\t\t<div class=\"elementor-element elementor-element-12c6aeb elementor-widget elementor-widget-spacer\" data-id=\"12c6aeb\" data-element_type=\"widget\" data-widget_type=\"spacer.default\">\n\t\t\t\t\t\t\t<div class=\"elementor-spacer\">\n\t\t\t<div class=\"elementor-spacer-inner\"><\/div>\n\t\t<\/div>\n\t\t\t\t\t\t<\/div>\n\t\t\t\t\t<\/div>\n\t\t\t\t<\/div>\n\t\t\t\t<\/div>\n\t\t","protected":false},"excerpt":{"rendered":"<p>DANSE D\u2019ELLES DANSE PRIMITIVE Cours Hebdomadaire\u00a0Le jeudi de 18h45 \u00e0 19h45 \u00e0 Biarritz Accueil, 2 Rue Darrichon 64200 BIARRITZ Pratique<\/p>\n","protected":false},"author":2,"featured_media":0,"parent":0,"menu_order":0,"comment_status":"closed","ping_status":"closed","template":"","meta":{"footnotes":""},"class_list":["post-29669","page","type-page","status-publish","hentry"],"_links":{"self":[{"href":"https:\/\/chemindefemme64.com\/index.php?rest_route=\/wp\/v2\/pages\/29669","targetHints":{"allow":["GET"]}}],"collection":[{"href":"https:\/\/chemindefemme64.com\/index.php?rest_route=\/wp\/v2\/pages"}],"about":[{"href":"https:\/\/chemindefemme64.com\/index.php?rest_route=\/wp\/v2\/types\/page"}],"author":[{"embeddable":true,"href":"https:\/\/chemindefemme64.com\/index.php?rest_route=\/wp\/v2\/users\/2"}],"replies":[{"embeddable":true,"href":"https:\/\/chemindefemme64.com\/index.php?rest_route=%2Fwp%2Fv2%2Fcomments&post=29669"}],"version-history":[{"count":16,"href":"https:\/\/chemindefemme64.com\/index.php?rest_route=\/wp\/v2\/pages\/29669\/revisions"}],"predecessor-version":[{"id":29775,"href":"https:\/\/chemindefemme64.com\/index.php?rest_route=\/wp\/v2\/pages\/29669\/revisions\/29775"}],"wp:attachment":[{"href":"https:\/\/chemindefemme64.com\/index.php?rest_route=%2Fwp%2Fv2%2Fmedia&parent=29669"}],"curies":[{"name":"wp","href":"https:\/\/api.w.org\/{rel}","templated":true}]}}