{"id":29651,"date":"2026-03-16T21:35:10","date_gmt":"2026-03-16T21:35:10","guid":{"rendered":"https:\/\/chemindefemme64.com\/?page_id=29651"},"modified":"2026-03-19T20:08:14","modified_gmt":"2026-03-19T20:08:14","slug":"qi-gong-chemin-de-femme","status":"publish","type":"page","link":"https:\/\/chemindefemme64.com\/?page_id=29651","title":{"rendered":"QI GONG CHEMIN DE FEMME"},"content":{"rendered":"\t\t<div data-elementor-type=\"wp-page\" data-elementor-id=\"29651\" class=\"elementor elementor-29651\" data-elementor-post-type=\"page\">\n\t\t\t\t<div class=\"wd-negative-gap elementor-element elementor-element-6daebbf e-flex e-con-boxed e-con e-parent\" data-id=\"6daebbf\" data-element_type=\"container\">\n\t\t\t\t\t<div class=\"e-con-inner\">\n\t\t<div class=\"elementor-element elementor-element-324baa5 e-con-full e-flex e-con e-child\" data-id=\"324baa5\" data-element_type=\"container\">\n\t\t\t\t<div class=\"elementor-element elementor-element-802d2a4 elementor-widget elementor-widget-image\" data-id=\"802d2a4\" data-element_type=\"widget\" data-widget_type=\"image.default\">\n\t\t\t\t\t\t\t\t\t\t\t\t\t\t\t<img decoding=\"async\" src=\"https:\/\/chemindefemme64.com\/wp-content\/uploads\/elementor\/thumbs\/danse-therapie-7-rkonbae3gzv883ug8qwpq14vz89tjqnj1ktinmkukw.png\" title=\"danse th\u00e9rapie (7)\" alt=\"danse th\u00e9rapie (7)\" loading=\"lazy\" \/>\t\t\t\t\t\t\t\t\t\t\t\t\t\t\t<\/div>\n\t\t\t\t<\/div>\n\t\t<div class=\"elementor-element elementor-element-40ceb10 e-con-full e-flex e-con e-child\" data-id=\"40ceb10\" data-element_type=\"container\">\n\t\t\t\t<div class=\"elementor-element elementor-element-3524afc elementor-widget elementor-widget-heading\" data-id=\"3524afc\" data-element_type=\"widget\" data-widget_type=\"heading.default\">\n\t\t\t\t\t<h2 class=\"elementor-heading-title elementor-size-default\">QI GONG CHEMIN DE FEMME<\/h2>\t\t\t\t<\/div>\n\t\t\t\t<div class=\"elementor-element elementor-element-8feeba6 text-center color-scheme-inherit elementor-widget elementor-widget-text-editor\" data-id=\"8feeba6\" data-element_type=\"widget\" data-widget_type=\"text-editor.default\">\n\t\t\t\t\t\t\t\t\t<p><b>Cours collectifs hebdos et bi-mensuels.<br \/><\/b><b>Cours individuel en visio ou \u00e0 domicile<\/b><\/p>\t\t\t\t\t\t\t\t<\/div>\n\t\t\t\t<div class=\"elementor-element elementor-element-8c7c3b1 elementor-widget elementor-widget-wd_text_block\" data-id=\"8c7c3b1\" data-element_type=\"widget\" data-widget_type=\"wd_text_block.default\">\n\t\t\t\t<div class=\"elementor-widget-container\">\n\t\t\t\t\t\t\t<div class=\"wd-text-block reset-last-child text-left\">\n\t\t\t\n\t\t\t\n\t\t\t\t\t<\/div>\n\t\t\t\t\t\t<\/div>\n\t\t\t\t<\/div>\n\t\t\t\t<\/div>\n\t\t\t\t\t<\/div>\n\t\t\t\t<\/div>\n\t\t<div class=\"wd-negative-gap elementor-element elementor-element-2baf929 e-flex e-con-boxed e-con e-parent\" data-id=\"2baf929\" data-element_type=\"container\">\n\t\t\t\t\t<div class=\"e-con-inner\">\n\t\t\t\t<div class=\"elementor-element elementor-element-457e438 elementor-widget elementor-widget-spacer\" data-id=\"457e438\" data-element_type=\"widget\" data-widget_type=\"spacer.default\">\n\t\t\t\t\t\t\t<div class=\"elementor-spacer\">\n\t\t\t<div class=\"elementor-spacer-inner\"><\/div>\n\t\t<\/div>\n\t\t\t\t\t\t<\/div>\n\t\t\t\t\t<\/div>\n\t\t\t\t<\/div>\n\t\t<div class=\"wd-negative-gap elementor-element elementor-element-8df4b33 e-flex e-con-boxed e-con e-parent\" data-id=\"8df4b33\" data-element_type=\"container\">\n\t\t\t\t\t<div class=\"e-con-inner\">\n\t\t\t\t<div class=\"elementor-element elementor-element-a05e5e6 elementor-widget-divider--separator-type-pattern elementor-widget-divider--no-spacing elementor-widget-divider--view-line elementor-widget elementor-widget-divider\" data-id=\"a05e5e6\" data-element_type=\"widget\" data-widget_type=\"divider.default\">\n\t\t\t\t\t\t\t<div class=\"elementor-divider\" style=\"--divider-pattern-url: url(&quot;data:image\/svg+xml,%3Csvg xmlns=&#039;http:\/\/www.w3.org\/2000\/svg&#039; preserveAspectRatio=&#039;xMidYMid meet&#039; overflow=&#039;visible&#039; height=&#039;100%&#039; viewBox=&#039;0 0 120 26&#039; fill=&#039;black&#039; stroke=&#039;none&#039;%3E%3Cpath d=&#039;M11.9,15.9L11.9,15.9L0,16c-0.2-3.7,1.5-5.7,4.9-6C10,9.6,12.4,14.2,11.9,15.9zM26.9,15.9L26.9,15.9L15,16c0.5-3.7,2.5-5.7,5.9-6C26,9.6,27.4,14.2,26.9,15.9z M37.1,10c3.4,0.3,5.1,2.3,4.9,6H30.1C29.5,14.4,31.9,9.6,37.1,10z M57,15.9L57,15.9L45,16c0-3.4,1.6-5.4,4.9-5.9C54.8,9.3,57.4,14.2,57,15.9z M71.9,15.9L71.9,15.9L60,16c-0.2-3.7,1.5-5.7,4.9-6C70,9.6,72.4,14.2,71.9,15.9z M82.2,10c3.4,0.3,5,2.3,4.8,6H75.3C74,13,77.1,9.6,82.2,10zM101.9,15.9L101.9,15.9L90,16c-0.2-3.7,1.5-5.7,4.9-6C100,9.6,102.4,14.2,101.9,15.9z M112.1,10.1c2.7,0.5,4.3,2.5,4.9,5.9h-11.9l0,0C104.5,14.4,108,9.3,112.1,10.1z&#039;\/%3E%3C\/svg%3E&quot;);\">\n\t\t\t<span class=\"elementor-divider-separator\">\n\t\t\t\t\t\t<\/span>\n\t\t<\/div>\n\t\t\t\t\t\t<\/div>\n\t\t\t\t\t<\/div>\n\t\t\t\t<\/div>\n\t\t<div class=\"wd-negative-gap elementor-element elementor-element-a39639d e-flex e-con-boxed e-con e-parent\" data-id=\"a39639d\" data-element_type=\"container\">\n\t\t\t\t\t<div class=\"e-con-inner\">\n\t\t<div class=\"elementor-element elementor-element-b6bfc73 e-con-full e-flex e-con e-child\" data-id=\"b6bfc73\" data-element_type=\"container\">\n\t\t\t\t<div class=\"elementor-element elementor-element-830c591 color-scheme-inherit text-left elementor-widget elementor-widget-text-editor\" data-id=\"830c591\" data-element_type=\"widget\" data-widget_type=\"text-editor.default\">\n\t\t\t\t\t\t\t\t\t<p><b>Quelques mots sur le Qi Gong tel que je le transmets :<\/b><\/p><p>Une pratique guid\u00e9e et expliqu\u00e9e, centr\u00e9e sur la conscience corporelle et le ressenti \u00e9nerg\u00e9tique.<br \/>Il ne s\u2019agit pas ici d\u2019apprendre des formes codifi\u00e9es.<br \/>Les mouvements, inspir\u00e9s des diff\u00e9rentes formes de Qi gong, sont choisis et adapt\u00e9s en fonction du groupe et des besoins du moment.<\/p><p>La pratique invite \u00e0 explorer et d\u00e9velopper\u00a0:<\/p><ul><li aria-level=\"1\">Automassages en conscience des points et des zones cl\u00e9s du corps<\/li><li aria-level=\"1\">Energie f\u00e9minine\u00a0: fluidit\u00e9 et vitalit\u00e9 du ventre et du bassin<\/li><li aria-level=\"1\">Mobilit\u00e9, souplesse et fluidit\u00e9<\/li><li aria-level=\"1\">Renforcement, ancrage, stabilit\u00e9 physique et \u00e9motionnelle<\/li><\/ul>\t\t\t\t\t\t\t\t<\/div>\n\t\t\t\t<\/div>\n\t\t<div class=\"elementor-element elementor-element-db74f39 e-con-full e-flex e-con e-child\" data-id=\"db74f39\" data-element_type=\"container\">\n\t\t\t\t<div class=\"elementor-element elementor-element-3f5fdbe elementor-widget elementor-widget-wd_image_or_svg\" data-id=\"3f5fdbe\" data-element_type=\"widget\" data-widget_type=\"wd_image_or_svg.default\">\n\t\t\t\t<div class=\"elementor-widget-container\">\n\t\t\t\t\t\n\t\t<div class=\"wd-image text-center\">\n\t\t\t\t\t\t\t\t<img loading=\"lazy\" decoding=\"async\" width=\"300\" height=\"300\" src=\"https:\/\/chemindefemme64.com\/wp-content\/uploads\/2026\/03\/danse-therapie-9-300x300.png\" class=\"attachment-medium size-medium\" alt=\"\" srcset=\"https:\/\/chemindefemme64.com\/wp-content\/uploads\/2026\/03\/danse-therapie-9-300x300.png 300w, https:\/\/chemindefemme64.com\/wp-content\/uploads\/2026\/03\/danse-therapie-9-800x800.png 800w, https:\/\/chemindefemme64.com\/wp-content\/uploads\/2026\/03\/danse-therapie-9-150x150.png 150w, https:\/\/chemindefemme64.com\/wp-content\/uploads\/2026\/03\/danse-therapie-9-768x768.png 768w, https:\/\/chemindefemme64.com\/wp-content\/uploads\/2026\/03\/danse-therapie-9-1536x1536.png 1536w, https:\/\/chemindefemme64.com\/wp-content\/uploads\/2026\/03\/danse-therapie-9-430x430.png 430w, https:\/\/chemindefemme64.com\/wp-content\/uploads\/2026\/03\/danse-therapie-9-700x700.png 700w, https:\/\/chemindefemme64.com\/wp-content\/uploads\/2026\/03\/danse-therapie-9-500x500.png 500w, https:\/\/chemindefemme64.com\/wp-content\/uploads\/2026\/03\/danse-therapie-9.png 2000w\" sizes=\"auto, (max-width: 300px) 100vw, 300px\" \/>\t\t\t\t\t<\/div>\n\n\t\t\t\t\t\t<\/div>\n\t\t\t\t<\/div>\n\t\t\t\t<\/div>\n\t\t\t\t\t<\/div>\n\t\t\t\t<\/div>\n\t\t<div class=\"wd-negative-gap elementor-element elementor-element-5e3b654 e-flex e-con-boxed e-con e-parent\" data-id=\"5e3b654\" data-element_type=\"container\">\n\t\t\t\t\t<div class=\"e-con-inner\">\n\t\t\t\t<div class=\"elementor-element elementor-element-6c102c6 elementor-widget elementor-widget-spacer\" data-id=\"6c102c6\" data-element_type=\"widget\" data-widget_type=\"spacer.default\">\n\t\t\t\t\t\t\t<div class=\"elementor-spacer\">\n\t\t\t<div class=\"elementor-spacer-inner\"><\/div>\n\t\t<\/div>\n\t\t\t\t\t\t<\/div>\n\t\t\t\t<div class=\"elementor-element elementor-element-242b1f1 elementor-widget elementor-widget-heading\" data-id=\"242b1f1\" data-element_type=\"widget\" data-widget_type=\"heading.default\">\n\t\t\t\t\t<h2 class=\"elementor-heading-title elementor-size-default\">Bienfaits et objectifs :<\/h2>\t\t\t\t<\/div>\n\t\t\t\t<div class=\"elementor-element elementor-element-d1ecb37 color-scheme-inherit text-left elementor-widget elementor-widget-text-editor\" data-id=\"d1ecb37\" data-element_type=\"widget\" data-widget_type=\"text-editor.default\">\n\t\t\t\t\t\t\t\t\t<ul><li style=\"font-weight: 400;\" aria-level=\"1\"><span style=\"font-weight: 400;\">Sentir votre \u00e9nergie<\/span><\/li><li style=\"font-weight: 400;\" aria-level=\"1\"><span style=\"font-weight: 400;\">La remettre en circulation<\/span><\/li><li style=\"font-weight: 400;\" aria-level=\"1\"><span style=\"font-weight: 400;\">Sentir l\u2019ancrage et retrouver l\u2019enracinement<\/span><\/li><li style=\"font-weight: 400;\" aria-level=\"1\"><span style=\"font-weight: 400;\">Renforcer votre structure<\/span><\/li><li style=\"font-weight: 400;\" aria-level=\"1\"><span style=\"font-weight: 400;\">Lib\u00e9rer le stress log\u00e9 dans le corps et l\u2019esprit<\/span><\/li><li style=\"font-weight: 400;\" aria-level=\"1\"><span style=\"font-weight: 400;\">Devenir solides et souples<\/span><\/li><li style=\"font-weight: 400;\" aria-level=\"1\"><span style=\"font-weight: 400;\">Habiter votre centre, votre ventre<\/span><\/li><li style=\"font-weight: 400;\" aria-level=\"1\"><span style=\"font-weight: 400;\">R\u00e9duire vos douleurs<\/span><\/li><li style=\"font-weight: 400;\" aria-level=\"1\"><span style=\"font-weight: 400;\">Harmoniser\u00a0 l\u2019\u00e9nergie, d\u00e9velopper le ressenti<\/span><\/li><li style=\"font-weight: 400;\" aria-level=\"1\"><span style=\"font-weight: 400;\">D\u00e9velopper sa conscience, sa connexion<\/span><\/li><li style=\"font-weight: 400;\" aria-level=\"1\"><span style=\"font-weight: 400;\">Retrouver fluidit\u00e9, libert\u00e9 et plaisir.<\/span><\/li><\/ul>\t\t\t\t\t\t\t\t<\/div>\n\t\t\t\t\t<\/div>\n\t\t\t\t<\/div>\n\t\t<div class=\"wd-negative-gap elementor-element elementor-element-6791779 e-flex e-con-boxed e-con e-parent\" data-id=\"6791779\" data-element_type=\"container\">\n\t\t\t\t\t<div class=\"e-con-inner\">\n\t\t\t\t<div class=\"elementor-element elementor-element-9fa6140 e-transform elementor-widget-divider--separator-type-pattern elementor-widget-divider--no-spacing elementor-widget-divider--view-line elementor-widget elementor-widget-divider\" data-id=\"9fa6140\" data-element_type=\"widget\" data-settings=\"{&quot;_transform_flipY_effect&quot;:&quot;transform&quot;}\" data-widget_type=\"divider.default\">\n\t\t\t\t\t\t\t<div class=\"elementor-divider\" style=\"--divider-pattern-url: url(&quot;data:image\/svg+xml,%3Csvg xmlns=&#039;http:\/\/www.w3.org\/2000\/svg&#039; preserveAspectRatio=&#039;xMidYMid meet&#039; overflow=&#039;visible&#039; height=&#039;100%&#039; viewBox=&#039;0 0 120 26&#039; fill=&#039;black&#039; stroke=&#039;none&#039;%3E%3Cpath d=&#039;M11.9,15.9L11.9,15.9L0,16c-0.2-3.7,1.5-5.7,4.9-6C10,9.6,12.4,14.2,11.9,15.9zM26.9,15.9L26.9,15.9L15,16c0.5-3.7,2.5-5.7,5.9-6C26,9.6,27.4,14.2,26.9,15.9z M37.1,10c3.4,0.3,5.1,2.3,4.9,6H30.1C29.5,14.4,31.9,9.6,37.1,10z M57,15.9L57,15.9L45,16c0-3.4,1.6-5.4,4.9-5.9C54.8,9.3,57.4,14.2,57,15.9z M71.9,15.9L71.9,15.9L60,16c-0.2-3.7,1.5-5.7,4.9-6C70,9.6,72.4,14.2,71.9,15.9z M82.2,10c3.4,0.3,5,2.3,4.8,6H75.3C74,13,77.1,9.6,82.2,10zM101.9,15.9L101.9,15.9L90,16c-0.2-3.7,1.5-5.7,4.9-6C100,9.6,102.4,14.2,101.9,15.9z M112.1,10.1c2.7,0.5,4.3,2.5,4.9,5.9h-11.9l0,0C104.5,14.4,108,9.3,112.1,10.1z&#039;\/%3E%3C\/svg%3E&quot;);\">\n\t\t\t<span class=\"elementor-divider-separator\">\n\t\t\t\t\t\t<\/span>\n\t\t<\/div>\n\t\t\t\t\t\t<\/div>\n\t\t\t\t\t<\/div>\n\t\t\t\t<\/div>\n\t\t<div class=\"wd-negative-gap elementor-element elementor-element-8fbf252 e-flex e-con-boxed e-con e-parent\" data-id=\"8fbf252\" data-element_type=\"container\">\n\t\t\t\t\t<div class=\"e-con-inner\">\n\t\t\t\t<div class=\"elementor-element elementor-element-9d39192 elementor-widget elementor-widget-image\" data-id=\"9d39192\" data-element_type=\"widget\" data-widget_type=\"image.default\">\n\t\t\t\t\t\t\t\t\t\t\t\t\t\t\t<img loading=\"lazy\" decoding=\"async\" width=\"400\" height=\"47\" src=\"https:\/\/chemindefemme64.com\/wp-content\/uploads\/2026\/03\/Design-sans-titre-1-e1773751763267-400x47.png\" class=\"attachment-medium size-medium wp-image-29421\" alt=\"\" srcset=\"https:\/\/chemindefemme64.com\/wp-content\/uploads\/2026\/03\/Design-sans-titre-1-e1773751763267-400x47.png 400w, https:\/\/chemindefemme64.com\/wp-content\/uploads\/2026\/03\/Design-sans-titre-1-e1773751763267-1300x151.png 1300w, https:\/\/chemindefemme64.com\/wp-content\/uploads\/2026\/03\/Design-sans-titre-1-e1773751763267-768x89.png 768w, https:\/\/chemindefemme64.com\/wp-content\/uploads\/2026\/03\/Design-sans-titre-1-e1773751763267-1536x179.png 1536w, https:\/\/chemindefemme64.com\/wp-content\/uploads\/2026\/03\/Design-sans-titre-1-e1773751763267-430x50.png 430w, https:\/\/chemindefemme64.com\/wp-content\/uploads\/2026\/03\/Design-sans-titre-1-e1773751763267-700x82.png 700w, https:\/\/chemindefemme64.com\/wp-content\/uploads\/2026\/03\/Design-sans-titre-1-e1773751763267-150x17.png 150w, https:\/\/chemindefemme64.com\/wp-content\/uploads\/2026\/03\/Design-sans-titre-1-e1773751763267.png 2000w\" sizes=\"auto, (max-width: 400px) 100vw, 400px\" \/>\t\t\t\t\t\t\t\t\t\t\t\t\t\t\t<\/div>\n\t\t\t\t<div class=\"elementor-element elementor-element-512f5d6 elementor-widget elementor-widget-spacer\" data-id=\"512f5d6\" data-element_type=\"widget\" data-widget_type=\"spacer.default\">\n\t\t\t\t\t\t\t<div class=\"elementor-spacer\">\n\t\t\t<div class=\"elementor-spacer-inner\"><\/div>\n\t\t<\/div>\n\t\t\t\t\t\t<\/div>\n\t\t\t\t\t<\/div>\n\t\t\t\t<\/div>\n\t\t<div class=\"wd-negative-gap elementor-element elementor-element-6e61daf e-flex e-con-boxed e-con e-parent\" data-id=\"6e61daf\" data-element_type=\"container\">\n\t\t\t\t\t<div class=\"e-con-inner\">\n\t\t\t\t<div class=\"elementor-element elementor-element-9dd916f elementor-widget elementor-widget-heading\" data-id=\"9dd916f\" data-element_type=\"widget\" data-widget_type=\"heading.default\">\n\t\t\t\t\t<h2 class=\"elementor-heading-title elementor-size-default\">Planning<\/h2>\t\t\t\t<\/div>\n\t\t\t\t<div class=\"elementor-element elementor-element-fd582bd wd-width-100 elementor-widget elementor-widget-wd_title\" data-id=\"fd582bd\" data-element_type=\"widget\" data-widget_type=\"wd_title.default\">\n\t\t\t\t<div class=\"elementor-widget-container\">\n\t\t\t\t\t\t\t<div class=\"title-wrapper wd-set-mb reset-last-child wd-title-color-default wd-title-style-default wd-title-size-default text-left\">\n\n\t\t\t\n\t\t\t<div class=\"liner-continer\">\n\t\t\t\t<h4 class=\"woodmart-title-container title wd-fontsize-l\">Qi Gong sur Hendaye Plage<\/h4> \n\t\t\t\t\t\t\t<\/div>\n\n\t\t\t\t\t<\/div>\n\t\t\t\t\t\t<\/div>\n\t\t\t\t<\/div>\n\t\t\t\t\t<\/div>\n\t\t\t\t<\/div>\n\t\t<div class=\"wd-negative-gap elementor-element elementor-element-1695ff3 e-flex e-con-boxed e-con e-parent\" data-id=\"1695ff3\" data-element_type=\"container\">\n\t\t\t\t\t<div class=\"e-con-inner\">\n\t\t\t\t<div class=\"elementor-element elementor-element-bfd4e02 color-scheme-inherit text-left elementor-widget elementor-widget-text-editor\" data-id=\"bfd4e02\" data-element_type=\"widget\" data-widget_type=\"text-editor.default\">\n\t\t\t\t\t\t\t\t\t<p>(6 personnes maximum)<\/p><p><b>Un vendredi sur deux\u00a0de 19h a 20h30<\/b><\/p><p><b>Mars<\/b><span style=\"font-weight: 400;\"> : Vendredi <\/span><span style=\"font-weight: 400;\">27 mars<br \/><\/span><span style=\"font-weight: 400;\">\u00a0<\/span><b>Avril<\/b><span style=\"font-weight: 400;\">\u00a0: Les vendredis 10 et 24 avril<br \/><\/span><b>Mai<\/b><span style=\"font-weight: 400;\">\u00a0: Vendredi 29 mai (le deuxi\u00e8me vendredi est \u00e0 d\u00e9terminer avec le groupe en fonction des ponts de mai)<br \/><\/span><b>Juin\u00a0<\/b><span style=\"font-weight: 400;\">: Les vendredis 12 et 26 juin<\/span><\/p><p><span style=\"font-weight: 400;\">15\u20ac r\u00e9gulier, 20\u20ac occasionnel<\/span><\/p>\t\t\t\t\t\t\t\t<\/div>\n\t\t\t\t<div class=\"elementor-element elementor-element-48c9b5e elementor-widget elementor-widget-spacer\" data-id=\"48c9b5e\" data-element_type=\"widget\" data-widget_type=\"spacer.default\">\n\t\t\t\t\t\t\t<div class=\"elementor-spacer\">\n\t\t\t<div class=\"elementor-spacer-inner\"><\/div>\n\t\t<\/div>\n\t\t\t\t\t\t<\/div>\n\t\t\t\t\t<\/div>\n\t\t\t\t<\/div>\n\t\t<div class=\"wd-negative-gap elementor-element elementor-element-2c1a62e e-flex e-con-boxed e-con e-parent\" data-id=\"2c1a62e\" data-element_type=\"container\">\n\t\t\t\t\t<div class=\"e-con-inner\">\n\t\t\t\t<div class=\"elementor-element elementor-element-ec10cea elementor-widget elementor-widget-heading\" data-id=\"ec10cea\" data-element_type=\"widget\" data-widget_type=\"heading.default\">\n\t\t\t\t\t<h2 class=\"elementor-heading-title elementor-size-default\">Qi gong \u2013 Pilates  ( alias Gym Zen) via l\u2019association Bien\u2013Etre 64 sur BIARRITZ\n<\/h2>\t\t\t\t<\/div>\n\t\t\t\t<div class=\"elementor-element elementor-element-a1d08c6 color-scheme-inherit text-left elementor-widget elementor-widget-text-editor\" data-id=\"a1d08c6\" data-element_type=\"widget\" data-widget_type=\"text-editor.default\">\n\t\t\t\t\t\t\t\t\t<p><span style=\"font-weight: 400;\"><strong>Les jeudis de 17h \u00e0 18h<br \/><\/strong><br \/>Salle ERRECARTE <br \/>Place des r\u00e9sistants <br \/>64200 BIARRITZ<\/span><\/p><p><span style=\"font-weight: 400;\">Tarif de lancement : 7\u20ac le cours pour printemps \u2013 \u00e9t\u00e9 2026<\/span><\/p>\t\t\t\t\t\t\t\t<\/div>\n\t\t\t\t<div class=\"elementor-element elementor-element-05e1134 elementor-widget elementor-widget-spacer\" data-id=\"05e1134\" data-element_type=\"widget\" data-widget_type=\"spacer.default\">\n\t\t\t\t\t\t\t<div class=\"elementor-spacer\">\n\t\t\t<div class=\"elementor-spacer-inner\"><\/div>\n\t\t<\/div>\n\t\t\t\t\t\t<\/div>\n\t\t\t\t\t<\/div>\n\t\t\t\t<\/div>\n\t\t<div class=\"wd-negative-gap elementor-element elementor-element-ec0e513 e-flex e-con-boxed e-con e-parent\" data-id=\"ec0e513\" data-element_type=\"container\">\n\t\t\t\t\t<div class=\"e-con-inner\">\n\t\t\t\t<div class=\"elementor-element elementor-element-8fbb03d elementor-widget elementor-widget-heading\" data-id=\"8fbb03d\" data-element_type=\"widget\" data-widget_type=\"heading.default\">\n\t\t\t\t\t<h2 class=\"elementor-heading-title elementor-size-default\">Qi Gong personnalis\u00e9 en visio ou en pr\u00e9sentiel<\/h2>\t\t\t\t<\/div>\n\t\t\t\t<div class=\"elementor-element elementor-element-ebebfd0 color-scheme-inherit text-left elementor-widget elementor-widget-text-editor\" data-id=\"ebebfd0\" data-element_type=\"widget\" data-widget_type=\"text-editor.default\">\n\t\t\t\t\t\t\t\t\t<p><span style=\"font-weight: 400;\">S\u00e9ance individuelle personnalis\u00e9e pour les femmes dont les horaires ne permettent pas de rejoindre les cours, ou qui souhaitent une pratique ajust\u00e9e \u00e0 leurs besoins du moment.<br \/><\/span><span style=\"font-weight: 400;\">C\u2019est un temps de cr\u00e9ation d\u2019une pratique rien que pour vous, \u00e0 refaire librement pendant plusieurs semaines.<\/span><\/p><p><span style=\"font-weight: 400;\">\u00a0Tarif en visio\u00a0: 50\u20ac\/ Tarif Chemin de Femme*: 40\u20ac<br \/><\/span><span style=\"font-weight: 400;\">Tarif en pr\u00e9sentiel\u00a0: 60\u20ac\/ chemin de Femme *\u00a0: 50\u20ac<\/span><\/p><p><span style=\"font-weight: 400;\">*<\/span><b><i>pour les femmes d\u00e9j\u00e0 en lien avec Chemin de Femme en soins, cours ou accompagnement<\/i><\/b><\/p><p><span style=\"font-weight: 400;\">Ce tarif comprend\u00a0:<\/span><\/p><ul><li style=\"font-weight: 400;\" aria-level=\"1\"><span style=\"font-weight: 400;\">S\u00e9ance individuelle (en visio ou pr\u00e9sentiel)\u00a0 d\u20191h15 avec entretien t\u00e9l\u00e9phonique pr\u00e9alable<\/span><\/li><li style=\"font-weight: 400;\" aria-level=\"1\"><span style=\"font-weight: 400;\">Support de pratique transmis apr\u00e8s la s\u00e9ance pour pratiquer en autonomie.<\/span><\/li><\/ul>\t\t\t\t\t\t\t\t<\/div>\n\t\t\t\t<div class=\"elementor-element elementor-element-1fd7e9f elementor-widget elementor-widget-spacer\" data-id=\"1fd7e9f\" data-element_type=\"widget\" data-widget_type=\"spacer.default\">\n\t\t\t\t\t\t\t<div class=\"elementor-spacer\">\n\t\t\t<div class=\"elementor-spacer-inner\"><\/div>\n\t\t<\/div>\n\t\t\t\t\t\t<\/div>\n\t\t\t\t\t<\/div>\n\t\t\t\t<\/div>\n\t\t<div class=\"wd-negative-gap elementor-element elementor-element-90aa70a e-flex e-con-boxed e-con e-parent\" data-id=\"90aa70a\" data-element_type=\"container\">\n\t\t\t\t\t<div class=\"e-con-inner\">\n\t\t\t\t<div class=\"elementor-element elementor-element-b218fcf elementor-widget elementor-widget-heading\" data-id=\"b218fcf\" data-element_type=\"widget\" data-widget_type=\"heading.default\">\n\t\t\t\t\t<h2 class=\"elementor-heading-title elementor-size-default\">Qi gong \u00ab Nesk \u00e0 Paillettes* \u00bb<\/h2>\t\t\t\t<\/div>\n\t\t\t\t<div class=\"elementor-element elementor-element-7657d55 color-scheme-inherit text-left elementor-widget elementor-widget-text-editor\" data-id=\"7657d55\" data-element_type=\"widget\" data-widget_type=\"text-editor.default\">\n\t\t\t\t\t\t\t\t\t<p>(*Association aidant les malades du cancer et leur famille \u00e0 mieux vivre leur quotidien)\u200b<\/p><p><span style=\"font-weight: 400;\">Le vendredi de 13h30 \u00e0 15h, au 7 rue Dongoxenia 64700 HENDAYE<\/span><\/p><p><b>Modalit\u00e9s de participation<\/b><span style=\"font-weight: 400;\">\u00a0: Ce cours s\u2019adresse aux femmes de plus de 18 ans r\u00e9sidant dans le secteur du bassin de la Nivelle, concern\u00e9es par un cancer, pendant la p\u00e9riode des traitements et jusqu\u2019\u00e0 deux ans suivant la fin de leurs traitements.<\/span><\/p><ul><li style=\"font-weight: 400;\" aria-level=\"1\"><span style=\"font-weight: 400;\">Les mouvements et le rythme des s\u00e9ances sont sp\u00e9cialement adapt\u00e9s \u00e0 cette p\u00e9riode de vie, respectant les possibilit\u00e9s de chacune.<\/span><\/li><\/ul><p><span style=\"font-weight: 400;\">Tarif\u00a0: Prise en charge Nesk \u00e0 Paillettes<\/span><\/p><p><span style=\"font-weight: 400;\">Pour vous inscrire, contactez l\u2019association Nesk \u00e0 Paillettes au 06 77 23 07 51<\/span><\/p>\t\t\t\t\t\t\t\t<\/div>\n\t\t\t\t<div class=\"elementor-element elementor-element-06bc5db color-scheme-inherit text-left elementor-widget elementor-widget-text-editor\" data-id=\"06bc5db\" data-element_type=\"widget\" data-widget_type=\"text-editor.default\">\n\t\t\t\t\t\t\t\t\t<p><strong>Pour la saison estivale, le planning vous sera communiqu\u00e9 vers la fin juin avec des s\u00e9ances en ext\u00e9rieur\u00a0!<\/strong><\/p>\t\t\t\t\t\t\t\t<\/div>\n\t\t\t\t\t<\/div>\n\t\t\t\t<\/div>\n\t\t<div class=\"wd-negative-gap elementor-element elementor-element-7daab1a e-flex e-con-boxed e-con e-parent\" data-id=\"7daab1a\" data-element_type=\"container\">\n\t\t\t\t\t<div class=\"e-con-inner\">\n\t\t\t\t<div class=\"elementor-element elementor-element-1c1cccd elementor-widget elementor-widget-spacer\" data-id=\"1c1cccd\" data-element_type=\"widget\" data-widget_type=\"spacer.default\">\n\t\t\t\t\t\t\t<div class=\"elementor-spacer\">\n\t\t\t<div class=\"elementor-spacer-inner\"><\/div>\n\t\t<\/div>\n\t\t\t\t\t\t<\/div>\n\t\t\t\t<div class=\"elementor-element elementor-element-a89b6f9 elementor-widget elementor-widget-spacer\" data-id=\"a89b6f9\" data-element_type=\"widget\" data-widget_type=\"spacer.default\">\n\t\t\t\t\t\t\t<div class=\"elementor-spacer\">\n\t\t\t<div class=\"elementor-spacer-inner\"><\/div>\n\t\t<\/div>\n\t\t\t\t\t\t<\/div>\n\t\t\t\t\t<\/div>\n\t\t\t\t<\/div>\n\t\t\t\t<\/div>\n\t\t","protected":false},"excerpt":{"rendered":"<p>QI GONG CHEMIN DE FEMME Cours collectifs hebdos et bi-mensuels.Cours individuel en visio ou \u00e0 domicile Quelques mots sur le<\/p>\n","protected":false},"author":2,"featured_media":0,"parent":0,"menu_order":0,"comment_status":"closed","ping_status":"closed","template":"","meta":{"footnotes":""},"class_list":["post-29651","page","type-page","status-publish","hentry"],"_links":{"self":[{"href":"https:\/\/chemindefemme64.com\/index.php?rest_route=\/wp\/v2\/pages\/29651","targetHints":{"allow":["GET"]}}],"collection":[{"href":"https:\/\/chemindefemme64.com\/index.php?rest_route=\/wp\/v2\/pages"}],"about":[{"href":"https:\/\/chemindefemme64.com\/index.php?rest_route=\/wp\/v2\/types\/page"}],"author":[{"embeddable":true,"href":"https:\/\/chemindefemme64.com\/index.php?rest_route=\/wp\/v2\/users\/2"}],"replies":[{"embeddable":true,"href":"https:\/\/chemindefemme64.com\/index.php?rest_route=%2Fwp%2Fv2%2Fcomments&post=29651"}],"version-history":[{"count":26,"href":"https:\/\/chemindefemme64.com\/index.php?rest_route=\/wp\/v2\/pages\/29651\/revisions"}],"predecessor-version":[{"id":29883,"href":"https:\/\/chemindefemme64.com\/index.php?rest_route=\/wp\/v2\/pages\/29651\/revisions\/29883"}],"wp:attachment":[{"href":"https:\/\/chemindefemme64.com\/index.php?rest_route=%2Fwp%2Fv2%2Fmedia&parent=29651"}],"curies":[{"name":"wp","href":"https:\/\/api.w.org\/{rel}","templated":true}]}}