{"id":29350,"date":"2026-02-17T17:26:22","date_gmt":"2026-02-17T17:26:22","guid":{"rendered":"https:\/\/chemindefemme64.com\/?page_id=29350"},"modified":"2026-03-18T19:11:12","modified_gmt":"2026-03-18T19:11:12","slug":"accompagner-chemin","status":"publish","type":"page","link":"https:\/\/chemindefemme64.com\/?page_id=29350","title":{"rendered":"SE REAPPROPRIER SON CORPS APRES UN EPREUVE"},"content":{"rendered":"\t\t<div data-elementor-type=\"wp-page\" data-elementor-id=\"29350\" class=\"elementor elementor-29350\" data-elementor-post-type=\"page\">\n\t\t\t\t<div class=\"wd-negative-gap elementor-element elementor-element-6daebbf e-flex e-con-boxed e-con e-parent\" data-id=\"6daebbf\" data-element_type=\"container\">\n\t\t\t\t\t<div class=\"e-con-inner\">\n\t\t<div class=\"elementor-element elementor-element-324baa5 e-con-full e-flex e-con e-child\" data-id=\"324baa5\" data-element_type=\"container\">\n\t\t\t\t<div class=\"elementor-element elementor-element-802d2a4 elementor-widget elementor-widget-image\" data-id=\"802d2a4\" data-element_type=\"widget\" data-widget_type=\"image.default\">\n\t\t\t\t\t\t\t\t\t\t\t\t\t\t\t<img loading=\"lazy\" decoding=\"async\" width=\"300\" height=\"300\" src=\"https:\/\/chemindefemme64.com\/wp-content\/uploads\/2026\/03\/Design-sans-titre-4-300x300.png\" class=\"attachment-medium size-medium wp-image-29479\" alt=\"\" srcset=\"https:\/\/chemindefemme64.com\/wp-content\/uploads\/2026\/03\/Design-sans-titre-4-300x300.png 300w, https:\/\/chemindefemme64.com\/wp-content\/uploads\/2026\/03\/Design-sans-titre-4-800x800.png 800w, https:\/\/chemindefemme64.com\/wp-content\/uploads\/2026\/03\/Design-sans-titre-4-150x150.png 150w, https:\/\/chemindefemme64.com\/wp-content\/uploads\/2026\/03\/Design-sans-titre-4-768x768.png 768w, https:\/\/chemindefemme64.com\/wp-content\/uploads\/2026\/03\/Design-sans-titre-4-1536x1536.png 1536w, https:\/\/chemindefemme64.com\/wp-content\/uploads\/2026\/03\/Design-sans-titre-4-430x430.png 430w, https:\/\/chemindefemme64.com\/wp-content\/uploads\/2026\/03\/Design-sans-titre-4-700x700.png 700w, https:\/\/chemindefemme64.com\/wp-content\/uploads\/2026\/03\/Design-sans-titre-4.png 2000w\" sizes=\"auto, (max-width: 300px) 100vw, 300px\" \/>\t\t\t\t\t\t\t\t\t\t\t\t\t\t\t<\/div>\n\t\t\t\t<\/div>\n\t\t<div class=\"elementor-element elementor-element-40ceb10 e-con-full e-flex e-con e-child\" data-id=\"40ceb10\" data-element_type=\"container\">\n\t\t\t\t<div class=\"elementor-element elementor-element-3524afc elementor-widget elementor-widget-heading\" data-id=\"3524afc\" data-element_type=\"widget\" data-widget_type=\"heading.default\">\n\t\t\t\t\t<h2 class=\"elementor-heading-title elementor-size-default\">SE R\u00c9APPROPRIER SON CORPS APR\u00c8S UN \u00c9PREUVE<\/h2>\t\t\t\t<\/div>\n\t\t\t\t<\/div>\n\t\t\t\t\t<\/div>\n\t\t\t\t<\/div>\n\t\t<div class=\"wd-negative-gap elementor-element elementor-element-048a5a0 e-flex e-con-boxed e-con e-parent\" data-id=\"048a5a0\" data-element_type=\"container\">\n\t\t\t\t\t<div class=\"e-con-inner\">\n\t\t\t\t<div class=\"elementor-element elementor-element-2ac7517 elementor-widget elementor-widget-spacer\" data-id=\"2ac7517\" data-element_type=\"widget\" data-widget_type=\"spacer.default\">\n\t\t\t\t\t\t\t<div class=\"elementor-spacer\">\n\t\t\t<div class=\"elementor-spacer-inner\"><\/div>\n\t\t<\/div>\n\t\t\t\t\t\t<\/div>\n\t\t\t\t<div class=\"elementor-element elementor-element-e1fb9e3 elementor-widget elementor-widget-heading\" data-id=\"e1fb9e3\" data-element_type=\"widget\" data-widget_type=\"heading.default\">\n\t\t\t\t\t<h2 class=\"elementor-heading-title elementor-size-default\">CET ACCOMPAGNEMENT PEUT ETRE PRECIEUX POUR LES FEMMES QUI : <\/h2>\t\t\t\t<\/div>\n\t\t\t\t<div class=\"elementor-element elementor-element-7835b7f elementor-widget elementor-widget-spacer\" data-id=\"7835b7f\" data-element_type=\"widget\" data-widget_type=\"spacer.default\">\n\t\t\t\t\t\t\t<div class=\"elementor-spacer\">\n\t\t\t<div class=\"elementor-spacer-inner\"><\/div>\n\t\t<\/div>\n\t\t\t\t\t\t<\/div>\n\t\t\t\t\t<\/div>\n\t\t\t\t<\/div>\n\t\t<div class=\"wd-negative-gap elementor-element elementor-element-afc5461 e-flex e-con-boxed e-con e-parent\" data-id=\"afc5461\" data-element_type=\"container\">\n\t\t\t\t\t<div class=\"e-con-inner\">\n\t\t<div class=\"elementor-element elementor-element-a7cd25a e-con-full e-flex e-con e-child\" data-id=\"a7cd25a\" data-element_type=\"container\">\n\t\t\t\t<div class=\"elementor-element elementor-element-27e5a0e color-scheme-inherit text-left elementor-widget elementor-widget-text-editor\" data-id=\"27e5a0e\" data-element_type=\"widget\" data-widget_type=\"text-editor.default\">\n\t\t\t\t\t\t\t\t\t<p><span style=\"font-weight: 400;\">&#8211; Traversent ou ont travers\u00e9 une maladie (notamment un cancer)<\/span><\/p><p><span style=\"font-weight: 400;\">&#8211; Ont v\u00e9cu une atteinte \u00e0 leur intimit\u00e9 ou leur int\u00e9grit\u00e9<\/span><\/p><p><span style=\"font-weight: 400;\">&#8211; Se sentent \u00e9puis\u00e9es, en tension permanente, ou d\u00e9connect\u00e9es d\u2019elles-m\u00eames<\/span><\/p><p><span style=\"font-weight: 400;\">\u00a0&#8211; Ressentent un d\u00e9calage ou une difficult\u00e9 \u00e0 accepter leur corps<\/span><\/p><p><span style=\"font-weight: 400;\">&#8211; Ont besoin de retrouver un appui int\u00e9rieur et un lien plus doux avec leur corps<\/span><\/p>\t\t\t\t\t\t\t\t<\/div>\n\t\t\t\t<\/div>\n\t\t<div class=\"elementor-element elementor-element-96bd913 e-con-full e-flex e-con e-child\" data-id=\"96bd913\" data-element_type=\"container\">\n\t\t\t\t<div class=\"elementor-element elementor-element-daa2cdf elementor-widget elementor-widget-wd_image_or_svg\" data-id=\"daa2cdf\" data-element_type=\"widget\" data-widget_type=\"wd_image_or_svg.default\">\n\t\t\t\t<div class=\"elementor-widget-container\">\n\t\t\t\t\t\n\t\t<div class=\"wd-image text-center\">\n\t\t\t\t\t\t\t\t<img loading=\"lazy\" decoding=\"async\" width=\"250\" height=\"250\" src=\"https:\/\/chemindefemme64.com\/wp-content\/uploads\/2026\/03\/Apres-250x250.png\" class=\"attachment-250x250 size-250x250\" alt=\"\" srcset=\"https:\/\/chemindefemme64.com\/wp-content\/uploads\/2026\/03\/Apres-250x250.png 250w, https:\/\/chemindefemme64.com\/wp-content\/uploads\/2026\/03\/Apres-300x300.png 300w, https:\/\/chemindefemme64.com\/wp-content\/uploads\/2026\/03\/Apres-800x800.png 800w, https:\/\/chemindefemme64.com\/wp-content\/uploads\/2026\/03\/Apres-150x150.png 150w, https:\/\/chemindefemme64.com\/wp-content\/uploads\/2026\/03\/Apres-768x768.png 768w, https:\/\/chemindefemme64.com\/wp-content\/uploads\/2026\/03\/Apres-1536x1536.png 1536w, https:\/\/chemindefemme64.com\/wp-content\/uploads\/2026\/03\/Apres-430x430.png 430w, https:\/\/chemindefemme64.com\/wp-content\/uploads\/2026\/03\/Apres-700x700.png 700w, https:\/\/chemindefemme64.com\/wp-content\/uploads\/2026\/03\/Apres.png 2000w\" sizes=\"auto, (max-width: 250px) 100vw, 250px\" \/>\t\t\t\t\t<\/div>\n\n\t\t\t\t\t\t<\/div>\n\t\t\t\t<\/div>\n\t\t\t\t<\/div>\n\t\t\t\t\t<\/div>\n\t\t\t\t<\/div>\n\t\t<div class=\"wd-negative-gap elementor-element elementor-element-83263be e-flex e-con-boxed e-con e-parent\" data-id=\"83263be\" data-element_type=\"container\">\n\t\t\t\t\t<div class=\"e-con-inner\">\n\t\t\t\t<div class=\"elementor-element elementor-element-bd4d44c elementor-widget elementor-widget-spacer\" data-id=\"bd4d44c\" data-element_type=\"widget\" data-widget_type=\"spacer.default\">\n\t\t\t\t\t\t\t<div class=\"elementor-spacer\">\n\t\t\t<div class=\"elementor-spacer-inner\"><\/div>\n\t\t<\/div>\n\t\t\t\t\t\t<\/div>\n\t\t\t\t<div class=\"elementor-element elementor-element-6bd5b64 elementor-widget elementor-widget-heading\" data-id=\"6bd5b64\" data-element_type=\"widget\" data-widget_type=\"heading.default\">\n\t\t\t\t\t<h2 class=\"elementor-heading-title elementor-size-default\">CE QUE CET ACCOMPAGNEMENT PEUT VOUS APPORTER<\/h2>\t\t\t\t<\/div>\n\t\t\t\t<div class=\"elementor-element elementor-element-7a434bf elementor-widget elementor-widget-spacer\" data-id=\"7a434bf\" data-element_type=\"widget\" data-widget_type=\"spacer.default\">\n\t\t\t\t\t\t\t<div class=\"elementor-spacer\">\n\t\t\t<div class=\"elementor-spacer-inner\"><\/div>\n\t\t<\/div>\n\t\t\t\t\t\t<\/div>\n\t\t\t\t\t<\/div>\n\t\t\t\t<\/div>\n\t\t<div class=\"wd-negative-gap elementor-element elementor-element-8b5fa92 e-flex e-con-boxed e-con e-parent\" data-id=\"8b5fa92\" data-element_type=\"container\">\n\t\t\t\t\t<div class=\"e-con-inner\">\n\t\t<div class=\"elementor-element elementor-element-3261383 e-con-full e-flex e-con e-child\" data-id=\"3261383\" data-element_type=\"container\">\n\t\t\t\t<div class=\"elementor-element elementor-element-def21ef color-scheme-inherit text-left elementor-widget elementor-widget-text-editor\" data-id=\"def21ef\" data-element_type=\"widget\" data-widget_type=\"text-editor.default\">\n\t\t\t\t\t\t\t\t\t<p><span style=\"font-weight: 400;\">Au fil des s\u00e9ances, cet accompagnement peut vous permettre de :<\/span><\/p><ul><li style=\"font-weight: 400;\" aria-level=\"1\"><span style=\"font-weight: 400;\">D\u00e9poser ce qui a \u00e9t\u00e9 v\u00e9cu dans un espace d\u2019\u00e9coute et de pr\u00e9sence<\/span><\/li><li style=\"font-weight: 400;\" aria-level=\"1\"><span style=\"font-weight: 400;\">Apaiser les tensions accumul\u00e9es dans le corps et retrouver plus de calme int\u00e9rieur<\/span><\/li><li style=\"font-weight: 400;\" aria-level=\"1\"><span style=\"font-weight: 400;\">R\u00e9habiter votre corps progressivement avec plus de douceur, de respect et de bien \u00eatre\u00a0<\/span><\/li><li style=\"font-weight: 400;\" aria-level=\"1\"><span style=\"font-weight: 400;\">Retrouver un sentiment de s\u00e9curit\u00e9 et d\u2019appui en vous<\/span><\/li><li style=\"font-weight: 400;\" aria-level=\"1\"><span style=\"font-weight: 400;\">Vous reconnecter \u00e0 vos ressentis corporels, souvent mis de c\u00f4t\u00e9 apr\u00e8s une \u00e9preuve<\/span><\/li><li style=\"font-weight: 400;\" aria-level=\"1\"><span style=\"font-weight: 400;\">R\u00e9investir des zones sensibles du corps comme le ventre, le bassin, et l\u2019intimit\u00e9, avec beaucoup de douceur, de patience et de d\u00e9licatesse.<\/span><\/li><li style=\"font-weight: 400;\" aria-level=\"1\"><span style=\"font-weight: 400;\">Retrouver de l\u2019\u00e9lan et de la vitalit\u00e9, quand la vie semblait s\u2019\u00eatre un peu retir\u00e9e<\/span><\/li><li style=\"font-weight: 400;\" aria-level=\"1\"><span style=\"font-weight: 400;\">Vous sentir \u00e0 nouveau chez vous dans votre corps<\/span><\/li><\/ul>\t\t\t\t\t\t\t\t<\/div>\n\t\t\t\t<\/div>\n\t\t<div class=\"elementor-element elementor-element-c9c1283 e-con-full e-flex e-con e-child\" data-id=\"c9c1283\" data-element_type=\"container\">\n\t\t\t\t<div class=\"elementor-element elementor-element-92510f9 elementor-widget elementor-widget-wd_image_or_svg\" data-id=\"92510f9\" data-element_type=\"widget\" data-widget_type=\"wd_image_or_svg.default\">\n\t\t\t\t<div class=\"elementor-widget-container\">\n\t\t\t\t\t\n\t\t<div class=\"wd-image text-center\">\n\t\t\t\t\t\t\t\t<img loading=\"lazy\" decoding=\"async\" width=\"300\" height=\"300\" src=\"https:\/\/chemindefemme64.com\/wp-content\/uploads\/2026\/03\/danse-therapie-8-300x300.png\" class=\"attachment-medium size-medium\" alt=\"\" srcset=\"https:\/\/chemindefemme64.com\/wp-content\/uploads\/2026\/03\/danse-therapie-8-300x300.png 300w, https:\/\/chemindefemme64.com\/wp-content\/uploads\/2026\/03\/danse-therapie-8-800x800.png 800w, https:\/\/chemindefemme64.com\/wp-content\/uploads\/2026\/03\/danse-therapie-8-150x150.png 150w, https:\/\/chemindefemme64.com\/wp-content\/uploads\/2026\/03\/danse-therapie-8-768x768.png 768w, https:\/\/chemindefemme64.com\/wp-content\/uploads\/2026\/03\/danse-therapie-8-1536x1536.png 1536w, https:\/\/chemindefemme64.com\/wp-content\/uploads\/2026\/03\/danse-therapie-8-430x430.png 430w, https:\/\/chemindefemme64.com\/wp-content\/uploads\/2026\/03\/danse-therapie-8-700x700.png 700w, https:\/\/chemindefemme64.com\/wp-content\/uploads\/2026\/03\/danse-therapie-8-250x250.png 250w, https:\/\/chemindefemme64.com\/wp-content\/uploads\/2026\/03\/danse-therapie-8.png 2000w\" sizes=\"auto, (max-width: 300px) 100vw, 300px\" \/>\t\t\t\t\t<\/div>\n\n\t\t\t\t\t\t<\/div>\n\t\t\t\t<\/div>\n\t\t\t\t<\/div>\n\t\t\t\t\t<\/div>\n\t\t\t\t<\/div>\n\t\t<div class=\"wd-negative-gap elementor-element elementor-element-d6cd4fc e-flex e-con-boxed e-con e-parent\" data-id=\"d6cd4fc\" data-element_type=\"container\">\n\t\t\t\t\t<div class=\"e-con-inner\">\n\t\t\t\t<div class=\"elementor-element elementor-element-35d7ec5 elementor-widget elementor-widget-spacer\" data-id=\"35d7ec5\" data-element_type=\"widget\" data-widget_type=\"spacer.default\">\n\t\t\t\t\t\t\t<div class=\"elementor-spacer\">\n\t\t\t<div class=\"elementor-spacer-inner\"><\/div>\n\t\t<\/div>\n\t\t\t\t\t\t<\/div>\n\t\t\t\t<div class=\"elementor-element elementor-element-a1db21e elementor-widget elementor-widget-heading\" data-id=\"a1db21e\" data-element_type=\"widget\" data-widget_type=\"heading.default\">\n\t\t\t\t\t<h2 class=\"elementor-heading-title elementor-size-default\">COMMENT SE D\u00c9ROULE L\u2019ACCOMPAGNEMENT ?<\/h2>\t\t\t\t<\/div>\n\t\t\t\t<div class=\"elementor-element elementor-element-317f859 elementor-widget elementor-widget-spacer\" data-id=\"317f859\" data-element_type=\"widget\" data-widget_type=\"spacer.default\">\n\t\t\t\t\t\t\t<div class=\"elementor-spacer\">\n\t\t\t<div class=\"elementor-spacer-inner\"><\/div>\n\t\t<\/div>\n\t\t\t\t\t\t<\/div>\n\t\t\t\t\t<\/div>\n\t\t\t\t<\/div>\n\t\t<div class=\"wd-negative-gap elementor-element elementor-element-9565723 e-flex e-con-boxed e-con e-parent\" data-id=\"9565723\" data-element_type=\"container\">\n\t\t\t\t\t<div class=\"e-con-inner\">\n\t\t<div class=\"elementor-element elementor-element-02ebaa2 e-con-full e-flex e-con e-child\" data-id=\"02ebaa2\" data-element_type=\"container\">\n\t\t\t\t<div class=\"elementor-element elementor-element-ff2b80c elementor-widget elementor-widget-heading\" data-id=\"ff2b80c\" data-element_type=\"widget\" data-widget_type=\"heading.default\">\n\t\t\t\t\t<h2 class=\"elementor-heading-title elementor-size-default\">Descriptif<\/h2>\t\t\t\t<\/div>\n\t\t\t\t<div class=\"elementor-element elementor-element-e51ed4d color-scheme-inherit text-left elementor-widget elementor-widget-text-editor\" data-id=\"e51ed4d\" data-element_type=\"widget\" data-widget_type=\"text-editor.default\">\n\t\t\t\t\t\t\t\t\t<p><span style=\"font-weight: 400;\">Chaque accompagnement est unique et s\u2019adapte \u00e0 votre histoire, \u00e0 votre rythme et \u00e0 vos besoins.<br \/><\/span><span style=\"font-weight: 400;\">Lors de la premi\u00e8re rencontre, nous prenons un temps pour poser votre parcours et ce que vous traversez aujourd\u2019hui. Cela permet de comprendre ce que vous vivez et d\u2019ajuster concr\u00e8tement les s\u00e9ances d\u2019accompagnement.\u00a0<\/span><\/p><p><span style=\"font-weight: 400;\">Les s\u00e9ances suivantes\u00a0 peuvent s\u2019articuler ainsi, selon les besoins\u00a0:<\/span><\/p><ul><li style=\"font-weight: 400;\" aria-level=\"1\"><span style=\"font-weight: 400;\">Un temps d\u2019\u00e9coute, d\u2019introspection,\u00a0 de parole<\/span><\/li><li style=\"font-weight: 400;\" aria-level=\"1\"><span style=\"font-weight: 400;\">Des soins corporels<\/span><\/li><li style=\"font-weight: 400;\" aria-level=\"1\"><span style=\"font-weight: 400;\">Des pratiques de mouvements et de respiration<br \/><\/span><\/li><\/ul><p><span style=\"font-weight: 400;\">L\u2019objectif est de r\u00e9habiter le corps progressivement, dans un cadre respectueux et s\u00e9curisant.<\/span><\/p>\t\t\t\t\t\t\t\t<\/div>\n\t\t\t\t<\/div>\n\t\t<div class=\"elementor-element elementor-element-3697d67 e-con-full e-flex e-con e-child\" data-id=\"3697d67\" data-element_type=\"container\">\n\t\t<div class=\"elementor-element elementor-element-beee7d0 e-con-full e-flex e-con e-child\" data-id=\"beee7d0\" data-element_type=\"container\">\n\t\t\t\t<div class=\"elementor-element elementor-element-c1344b5 elementor-widget elementor-widget-heading\" data-id=\"c1344b5\" data-element_type=\"widget\" data-widget_type=\"heading.default\">\n\t\t\t\t\t<h2 class=\"elementor-heading-title elementor-size-default\">Dur\u00e9e<\/h2>\t\t\t\t<\/div>\n\t\t\t\t<div class=\"elementor-element elementor-element-2257cc6 color-scheme-inherit text-left elementor-widget elementor-widget-text-editor\" data-id=\"2257cc6\" data-element_type=\"widget\" data-widget_type=\"text-editor.default\">\n\t\t\t\t\t\t\t\t\t<p><span style=\"font-weight: 400;\">Les s\u00e9ances durent g\u00e9n\u00e9ralement entre 1h et 1h30 pleines, selon ce qui est juste pour vous.<\/span><\/p>\t\t\t\t\t\t\t\t<\/div>\n\t\t\t\t<\/div>\n\t\t<div class=\"elementor-element elementor-element-4638e97 e-con-full e-flex e-con e-child\" data-id=\"4638e97\" data-element_type=\"container\">\n\t\t\t\t<div class=\"elementor-element elementor-element-8655d4f elementor-widget elementor-widget-spacer\" data-id=\"8655d4f\" data-element_type=\"widget\" data-widget_type=\"spacer.default\">\n\t\t\t\t\t\t\t<div class=\"elementor-spacer\">\n\t\t\t<div class=\"elementor-spacer-inner\"><\/div>\n\t\t<\/div>\n\t\t\t\t\t\t<\/div>\n\t\t\t\t<div class=\"elementor-element elementor-element-a37ceab elementor-widget elementor-widget-heading\" data-id=\"a37ceab\" data-element_type=\"widget\" data-widget_type=\"heading.default\">\n\t\t\t\t\t<h2 class=\"elementor-heading-title elementor-size-default\">Tarif<\/h2>\t\t\t\t<\/div>\n\t\t\t\t<div class=\"elementor-element elementor-element-718ed89 color-scheme-inherit text-left elementor-widget elementor-widget-text-editor\" data-id=\"718ed89\" data-element_type=\"widget\" data-widget_type=\"text-editor.default\">\n\t\t\t\t\t\t\t\t\t<p><span style=\"font-weight: 400;\">S\u00e9ance individuelle\u00a0: 50 (1h) et 65\u20ac (1h30)<\/span><\/p>\t\t\t\t\t\t\t\t<\/div>\n\t\t\t\t<\/div>\n\t\t\t\t<\/div>\n\t\t\t\t\t<\/div>\n\t\t\t\t<\/div>\n\t\t\t\t<\/div>\n\t\t","protected":false},"excerpt":{"rendered":"<p>SE R\u00c9APPROPRIER SON CORPS APR\u00c8S UN \u00c9PREUVE CET ACCOMPAGNEMENT PEUT ETRE PRECIEUX POUR LES FEMMES QUI : &#8211; Traversent ou<\/p>\n","protected":false},"author":1,"featured_media":0,"parent":0,"menu_order":0,"comment_status":"closed","ping_status":"closed","template":"","meta":{"footnotes":""},"class_list":["post-29350","page","type-page","status-publish","hentry"],"_links":{"self":[{"href":"https:\/\/chemindefemme64.com\/index.php?rest_route=\/wp\/v2\/pages\/29350","targetHints":{"allow":["GET"]}}],"collection":[{"href":"https:\/\/chemindefemme64.com\/index.php?rest_route=\/wp\/v2\/pages"}],"about":[{"href":"https:\/\/chemindefemme64.com\/index.php?rest_route=\/wp\/v2\/types\/page"}],"author":[{"embeddable":true,"href":"https:\/\/chemindefemme64.com\/index.php?rest_route=\/wp\/v2\/users\/1"}],"replies":[{"embeddable":true,"href":"https:\/\/chemindefemme64.com\/index.php?rest_route=%2Fwp%2Fv2%2Fcomments&post=29350"}],"version-history":[{"count":44,"href":"https:\/\/chemindefemme64.com\/index.php?rest_route=\/wp\/v2\/pages\/29350\/revisions"}],"predecessor-version":[{"id":29849,"href":"https:\/\/chemindefemme64.com\/index.php?rest_route=\/wp\/v2\/pages\/29350\/revisions\/29849"}],"wp:attachment":[{"href":"https:\/\/chemindefemme64.com\/index.php?rest_route=%2Fwp%2Fv2%2Fmedia&parent=29350"}],"curies":[{"name":"wp","href":"https:\/\/api.w.org\/{rel}","templated":true}]}}